{"id":20753,"date":"2019-06-17T13:08:09","date_gmt":"2019-06-17T13:08:09","guid":{"rendered":"https:\/\/raons.coop\/blog\/"},"modified":"2021-09-10T09:53:16","modified_gmt":"2021-09-10T09:53:16","slug":"blog","status":"publish","type":"page","link":"https:\/\/raons.coop\/es\/blog\/","title":{"rendered":"Blog"},"content":{"rendered":"<p>[vc_section el_class=\u00bbapo-section\u00bb][vc_row][vc_column][vc_column_text]<\/p>\n<h1>Blog<\/h1>\n<p>[\/vc_column_text][\/vc_column][vc_column width=\u00bb7\/12&#8243;][vc_column_text css=\u00bb.vc_custom_1570390285836{margin-bottom: 0px !important;}\u00bb]En Raons <strong><a href=\"https:\/\/raons.coop\/blog\/?_category=observem\">OBSERVAMOS<\/a><\/strong> con atenci\u00f3n el trabajo que otras personas han hecho en el pasado o est\u00e1n haciendo actualmente porque esto nos inspira y da referentes de peso con los que abordar nuestro propio trabajo. <strong><a href=\"https:\/\/raons.coop\/es\/blog\/?_category=fem\">HACEMOS<\/a><\/strong> as\u00ed proyectos que se nutren de los saberes propios y de otros y que buscan avanzar cada d\u00eda un poco m\u00e1s. Tener referentes te\u00f3ricos y una pr\u00e1ctica propia nos lleva a que <strong><a href=\"https:\/\/raons.coop\/es\/blog\/?_category=reflexionem\">REFLEXIONAMOS<\/a><\/strong> constantemente sobre el mundo en el que queremos vivir y c\u00f3mo nuestro trabajo puede ayudarnos a construirlo.[\/vc_column_text][\/vc_column][\/vc_row][\/vc_section]<\/p>\n","protected":false},"excerpt":{"rendered":"<p>[vc_section el_class=\u00bbapo-section\u00bb][vc_row][vc_column][vc_column_text] Blog [\/vc_column_text][\/vc_column][vc_column width=\u00bb7\/12&#8243;][vc_column_text css=\u00bb.vc_custom_1570390285836{margin-bottom: 0px !important;}\u00bb]En Raons OBSERVAMOS con atenci\u00f3n el trabajo que otras personas han hecho en el pasado o est\u00e1n haciendo actualmente porque esto nos inspira y da referentes de peso con los que abordar nuestro propio trabajo. HACEMOS as\u00ed proyectos que se nutren de los saberes propios y de otros [&hellip;]<\/p>\n","protected":false},"author":6,"featured_media":0,"parent":0,"menu_order":35,"comment_status":"closed","ping_status":"closed","template":"template-blog.php","meta":[],"acf":[],"_links":{"self":[{"href":"https:\/\/raons.coop\/es\/wp-json\/wp\/v2\/pages\/20753"}],"collection":[{"href":"https:\/\/raons.coop\/es\/wp-json\/wp\/v2\/pages"}],"about":[{"href":"https:\/\/raons.coop\/es\/wp-json\/wp\/v2\/types\/page"}],"author":[{"embeddable":true,"href":"https:\/\/raons.coop\/es\/wp-json\/wp\/v2\/users\/6"}],"replies":[{"embeddable":true,"href":"https:\/\/raons.coop\/es\/wp-json\/wp\/v2\/comments?post=20753"}],"version-history":[{"count":6,"href":"https:\/\/raons.coop\/es\/wp-json\/wp\/v2\/pages\/20753\/revisions"}],"predecessor-version":[{"id":22475,"href":"https:\/\/raons.coop\/es\/wp-json\/wp\/v2\/pages\/20753\/revisions\/22475"}],"wp:attachment":[{"href":"https:\/\/raons.coop\/es\/wp-json\/wp\/v2\/media?parent=20753"}],"curies":[{"name":"wp","href":"https:\/\/api.w.org\/{rel}","templated":true}]}}