{"id":20411,"date":"2019-06-18T14:37:57","date_gmt":"2019-06-18T14:37:57","guid":{"rendered":"https:\/\/raons.coop\/nosaltres\/"},"modified":"2025-10-08T09:29:57","modified_gmt":"2025-10-08T09:29:57","slug":"nosotros","status":"publish","type":"page","link":"https:\/\/raons.coop\/es\/nosotros\/","title":{"rendered":"Nosotros"},"content":{"rendered":"<p>[vc_section full_width=\u00bbstretch_row\u00bb css=\u00bb.vc_custom_1560953921318{background-color: #ffca30 !important;}\u00bb el_id=\u00bbcooperativa\u00bb el_class=\u00bbapo-section apo-section&#8211;primary-color\u00bb][vc_row][vc_column][vc_column_text]<\/p>\n<h1>Nosotros<\/h1>\n<h2>Cooperativa<\/h2>\n<p>[\/vc_column_text][\/vc_column][\/vc_row][vc_row css=\u00bb.vc_custom_1560950819842{margin-bottom: 70px !important;}\u00bb][vc_column width=\u00bb1\/2&#8243;][vc_column_text]<\/p>\n<h5>Raons es un proyecto de innovaci\u00f3n social urbana iniciado en 2009<\/h5>\n<p>[\/vc_column_text][\/vc_column][vc_column width=\u00bb1\/2&#8243;][vc_column_text]Desde el inicio, Raons ha buscado ser un proyecto de autoempleo, desde los valores de la econom\u00eda social y solidaria, que permita ofrecer servicios de calidad para pensar, construir y transformar colectivamente los entornos en los cuales vivimos, trabajamos y disfrutamos[\/vc_column_text][\/vc_column][\/vc_row][vc_row css=\u00bb.vc_custom_1560951681419{margin-bottom: 50px !important;}\u00bb][vc_column width=\u00bb1\/3&#8243; offset=\u00bbvc_col-md-3&#8243; css=\u00bb.vc_custom_1562847420130{margin-bottom: 20px !important;}\u00bb][vc_single_image image=\u00bb22563&#8243; img_size=\u00bb165&#215;165&#8243; css=\u00bb.vc_custom_1570688843451{margin-bottom: 22px !important;}\u00bb][vc_column_text el_class=\u00bbsmall-text\u00bb]<\/p>\n<h4>Misi\u00f3n<\/h4>\n<p>Crear y transformar entornos urbanos poniendo a las personas en el centro.[\/vc_column_text][\/vc_column][vc_column width=\u00bb1\/3&#8243; offset=\u00bbvc_col-md-offset-1 vc_col-md-3&#8243; css=\u00bb.vc_custom_1562847426588{margin-bottom: 20px !important;}\u00bb][vc_single_image image=\u00bb22566&#8243; img_size=\u00bb165&#215;165&#8243; css=\u00bb.vc_custom_1570688852394{margin-bottom: 22px !important;}\u00bb][vc_column_text el_class=\u00bbsmall-text\u00bb]<\/p>\n<h4>Visi\u00f3n<\/h4>\n<p>Ser referentes en la construcci\u00f3n colaborativa de entornos urbanos justos y sostenibles.[\/vc_column_text][\/vc_column][vc_column width=\u00bb1\/3&#8243; offset=\u00bbvc_col-md-offset-1 vc_col-md-3&#8243; css=\u00bb.vc_custom_1562847433055{margin-bottom: 20px !important;}\u00bb][vc_single_image image=\u00bb22569&#8243; img_size=\u00bb165&#215;165&#8243; css=\u00bb.vc_custom_1570688951659{margin-bottom: 22px !important;}\u00bb][vc_column_text el_class=\u00bbsmall-text\u00bb]<\/p>\n<h4>Valores<\/h4>\n<p>Cooperativismo<br \/>\nTrabajo colectivo<br \/>\nProfesionalidad y rigor<br \/>\nSostenibilidad y proximidad<br \/>\nEconom\u00eda social y solidaria[\/vc_column_text][\/vc_column][\/vc_row][\/vc_section][vc_section full_width=\u00bbstretch_row\u00bb el_id=\u00bbequipo\u00bb el_class=\u00bbapo-section\u00bb][vc_row css=\u00bb.vc_custom_1560950812478{margin-bottom: 70px !important;}\u00bb][vc_column width=\u00bb1\/2&#8243; offset=\u00bbvc_col-md-5 vc_col-xs-12&#8243;][vc_column_text]<\/p>\n<h2>Equipo<\/h2>\n<p>El equipo humano es la pieza clave de nuestro proyecto que nos ha permitido llegar donde estamos hoy y seguir proyect\u00e1ndonos hacia el futuro. Est\u00e1 formado por profesionales de varias disciplinas con una larga experiencia laboral.[\/vc_column_text][\/vc_column][vc_column width=\u00bb1\/2&#8243; offset=\u00bbvc_col-md-offset-1&#8243;][vc_single_image image=\u00bb27007&#8243; img_size=\u00bbfull\u00bb][\/vc_column][\/vc_row][vc_row css=\u00bb.vc_custom_1561026630805{margin-bottom: 100px !important;}\u00bb][vc_column width=\u00bb1\/5&#8243;][vc_single_image image=\u00bb26848&#8243; img_size=\u00bb\u00bb add_caption=\u00bbyes\u00bb alignment=\u00bbcenter\u00bb][vc_single_image image=\u00bb27010&#8243; img_size=\u00bb\u00bb add_caption=\u00bbyes\u00bb alignment=\u00bbcenter\u00bb][\/vc_column][vc_column width=\u00bb1\/5&#8243;][vc_single_image image=\u00bb26887&#8243; img_size=\u00bb\u00bb add_caption=\u00bbyes\u00bb alignment=\u00bbcenter\u00bb][vc_single_image image=\u00bb26842&#8243; img_size=\u00bb\u00bb add_caption=\u00bbyes\u00bb][\/vc_column][vc_column width=\u00bb1\/5&#8243;][vc_single_image image=\u00bb26875&#8243; img_size=\u00bb\u00bb add_caption=\u00bbyes\u00bb alignment=\u00bbcenter\u00bb][vc_single_image image=\u00bb26854&#8243; img_size=\u00bb\u00bb add_caption=\u00bbyes\u00bb alignment=\u00bbcenter\u00bb][\/vc_column][vc_column width=\u00bb1\/5&#8243;][vc_single_image image=\u00bb26869&#8243; img_size=\u00bb\u00bb add_caption=\u00bbyes\u00bb alignment=\u00bbcenter\u00bb][vc_single_image image=\u00bb26863&#8243; img_size=\u00bb\u00bb add_caption=\u00bbyes\u00bb alignment=\u00bbcenter\u00bb][\/vc_column][vc_column width=\u00bb1\/5&#8243;][vc_single_image image=\u00bb26860&#8243; img_size=\u00bb\u00bb add_caption=\u00bbyes\u00bb alignment=\u00bbcenter\u00bb][\/vc_column][\/vc_row][vc_row css=\u00bb.vc_custom_1561026300374{margin-bottom: 70px !important;}\u00bb el_class=\u00bbapo-collaborators\u00bb][vc_column][vc_column_text]<\/p>\n<h3>Colaboradoras<\/h3>\n<p>[\/vc_column_text][\/vc_column][vc_column width=\u00bb1\/2&#8243; offset=\u00bbvc_col-md-3&#8243;][vc_column_text]<strong>Alice Lancien<\/strong><br \/>\nUrbanista especializada en metodolog\u00edas de participaci\u00f3n y facilitaci\u00f3n de grupos. Doctorando en la Universitat Aut\u00f2noma de Barcelona y Universit\u00e9 de Nanterre.<\/p>\n<p><strong>David Villota<br \/>\n<\/strong>Formador internacional y catalizador organizativo. Profesor invitado en el M\u00e1ster en Ecolog\u00eda Pol\u00edtica (UAB)<\/p>\n<p><strong>Dione Escobar<\/strong><br \/>\nUrbanista, Msc. en Dise\u00f1o Urbano<\/p>\n<p><strong>Anna de Torr\u00f3ntegui<\/strong><br \/>\nArquitecta urbanista[\/vc_column_text][\/vc_column][vc_column width=\u00bb1\/2&#8243; offset=\u00bbvc_col-md-3&#8243;][vc_column_text]<strong>Giovanni Roncador<\/strong><br \/>\nArquitecto. Cursando M\u00e1ster de urbanismo.<\/p>\n<p><strong>Irina Lora<\/strong><br \/>\nEducadora social especializada en participaci\u00f3n ciudadana y cohesi\u00f3n social.<\/p>\n<p><strong>Isaac Uy\u00e0<\/strong><br \/>\nPedagogo. Posgrado en Participaci\u00f3n ciudadana y comunicaci\u00f3n. P\u00e1gina web<\/p>\n<p><strong>Javier Fraga<\/strong><br \/>\nArquitecto urbanista<\/p>\n<p><strong>Joan Gener<\/strong><br \/>\nEducador social y dinamitzador cultural y comunitario[\/vc_column_text][\/vc_column][vc_column width=\u00bb1\/2&#8243; offset=\u00bbvc_col-md-3&#8243;][vc_column_text]<strong>Joan Vitoria<\/strong><br \/>\nArquitecto especializado en proyectos de divulgaci\u00f3n, educaci\u00f3n y participaci\u00f3n<\/p>\n<p><strong>Jorge Romero<\/strong><br \/>\nArquitecto. M\u00e1ster en energ\u00eda y medio ambiente.<\/p>\n<p><strong>Manel Rebordosa<\/strong><br \/>\nAntrop\u00f3logo centrado en el desarrollo, procesos participativos y TIC, candidato a doctorado en la UOC \/ IN3. <a href=\"http:\/\/www.antropotic.cat\/\">P\u00e0gina web<\/a><\/p>\n<p><strong>Marta Pau<\/strong><br \/>\nIlustradora y dise\u00f1adora gr\u00e1fica. <a href=\"https:\/\/martapau.allyou.net\/3602073\">P\u00e0gina web<\/a>[\/vc_column_text][\/vc_column][vc_column width=\u00bb1\/2&#8243; offset=\u00bbvc_col-md-3&#8243;][vc_column_text]<\/p>\n<div class=\"wpb_text_column wpb_content_element \">\n<div class=\"wpb_wrapper\">\n<p><strong>Noem\u00ed Herrero<br \/>\n<\/strong>Arquitecta especializada en educaci\u00f3n y investigaci\u00f3n<\/p>\n<p><strong>N\u00faria Morral<br \/>\n<\/strong>Facilitadora de grupos. Mediadora\u00a0<span id=\":404.1\" class=\"J-JK9eJ-PJVNOc\" tabindex=\"-1\" role=\"menuitem\" data-g-spell-status=\"2\" aria-haspopup=\"true\">comunit\u00e1ria<\/span>\u00a0 y familiar<\/p>\n<p><strong>Pere Gran\u00e9<br \/>\n<\/strong>Soci\u00f3logo y artista ilustrador<\/p>\n<p><strong>Sen\u00e9n Roy<br \/>\n<\/strong>Educador social. M\u00e1ster en Pol\u00edticas Sociales y Mediaci\u00f3n Comunitaria<\/p>\n<p><strong>Anita Garc\u00eda<\/strong><br \/>\nDise\u00f1adora. Experta en gesti\u00f3n cultural, sostenibilidad, participaci\u00f3n y cocreaci\u00f3n<\/p>\n<\/div>\n<\/div>\n<p>[\/vc_column_text][vc_btn title=\u00bb\u00bfQuieres trabajar con nosotros?\u00bb style=\u00bbclassic\u00bb shape=\u00bbsquare\u00bb align=\u00bbcenter\u00bb button_block=\u00bbtrue\u00bb link=\u00bburl:mailto%3Ahttp%3A%2F%2Finfo%40raons.coop|title:Vols%20treballar%20amb%20nosaltres%3F||\u00bb][\/vc_column][\/vc_row][vc_row css=\u00bb.vc_custom_1561028476166{margin-bottom: 0px !important;}\u00bb el_class=\u00bbapo-collaborators\u00bb][vc_column][vc_column_text]<\/p>\n<h3>Trabajamos con<\/h3>\n<p>[\/vc_column_text][\/vc_column][vc_column width=\u00bb1\/2&#8243; offset=\u00bbvc_col-md-3 vc_col-xs-6&#8243;][vc_single_image image=\u00bb20750&#8243; img_size=\u00bbfull\u00bb css=\u00bb.vc_custom_1570384253179{margin-bottom: 20px !important;}\u00bb][vc_column_text][\/vc_column_text][\/vc_column][vc_column width=\u00bb1\/2&#8243; offset=\u00bbvc_col-md-3 vc_col-xs-6&#8243;][vc_single_image image=\u00bb20747&#8243; img_size=\u00bbfull\u00bb css=\u00bb.vc_custom_1570384281409{margin-bottom: 20px !important;}\u00bb][vc_column_text][\/vc_column_text][\/vc_column][vc_column width=\u00bb1\/2&#8243; offset=\u00bbvc_col-md-3 vc_col-xs-6&#8243;][vc_single_image image=\u00bb21344&#8243; img_size=\u00bbfull\u00bb onclick=\u00bbcustom_link\u00bb css=\u00bb.vc_custom_1570613051745{margin-bottom: 20px !important;}\u00bb link=\u00bbhttps:\/\/holabruna.cat\/\u00bb][vc_column_text][\/vc_column_text][\/vc_column][vc_column width=\u00bb1\/2&#8243; offset=\u00bbvc_col-md-3 vc_col-xs-6&#8243;][vc_single_image image=\u00bb20743&#8243; img_size=\u00bbfull\u00bb onclick=\u00bbcustom_link\u00bb css=\u00bb.vc_custom_1570613079331{margin-bottom: 20px !important;}\u00bb link=\u00bbhttps:\/\/apostrof.coop\/en\/\u00bb][vc_column_text][\/vc_column_text][\/vc_column][\/vc_row][vc_row css=\u00bb.vc_custom_1561028483061{margin-bottom: 0px !important;}\u00bb el_class=\u00bbapo-collaborators\u00bb][vc_column width=\u00bb1\/4&#8243; offset=\u00bbvc_col-md-3 vc_col-xs-6&#8243;][vc_single_image image=\u00bb22068&#8243; img_size=\u00bbfull\u00bb css=\u00bb.vc_custom_1570384368238{margin-bottom: 20px !important;}\u00bb][vc_column_text][\/vc_column_text][\/vc_column][vc_column width=\u00bb1\/4&#8243; offset=\u00bbvc_col-md-3 vc_col-xs-6&#8243;][vc_single_image image=\u00bb22065&#8243; img_size=\u00bbfull\u00bb onclick=\u00bbcustom_link\u00bb css=\u00bb.vc_custom_1570613026526{margin-bottom: 20px !important;}\u00bb link=\u00bbhttp:\/\/celobert.coop\/\u00bb][vc_column_text][\/vc_column_text][\/vc_column][vc_column width=\u00bb1\/4&#8243; offset=\u00bbvc_col-md-3 vc_col-xs-6&#8243;][vc_single_image image=\u00bb22886&#8243; img_size=\u00bbfull\u00bb onclick=\u00bbcustom_link\u00bb css=\u00bb.vc_custom_1576143443513{margin-bottom: 20px !important;}\u00bb link=\u00bbhttps:\/\/www.laboqueria.net\/en\/\u00bb][vc_column_text][\/vc_column_text][\/vc_column][vc_column width=\u00bb1\/4&#8243;][vc_single_image image=\u00bb22511&#8243; img_size=\u00bbfull\u00bb onclick=\u00bbcustom_link\u00bb link=\u00bbhttps:\/\/300000kms.net\/\u00bb][\/vc_column][\/vc_row][vc_row css=\u00bb.vc_custom_1561028483061{margin-bottom: 0px !important;}\u00bb el_class=\u00bbapo-collaborators\u00bb][vc_column width=\u00bb1\/2&#8243; offset=\u00bbvc_col-md-3 vc_col-xs-6&#8243;][vc_single_image image=\u00bb22514&#8243; img_size=\u00bbfull\u00bb css=\u00bb.vc_custom_1570613093916{margin-bottom: 20px !important;}\u00bb][vc_column_text][\/vc_column_text][\/vc_column][vc_column width=\u00bb1\/2&#8243; offset=\u00bbvc_col-md-3 vc_col-xs-6&#8243;][vc_single_image image=\u00bb20734&#8243; img_size=\u00bbfull\u00bb onclick=\u00bbcustom_link\u00bb css=\u00bb.vc_custom_1570612997485{margin-bottom: 20px !important;}\u00bb link=\u00bbhttps:\/\/bl-training.com\/\u00bb][vc_column_text][\/vc_column_text][\/vc_column][vc_column width=\u00bb1\/2&#8243; offset=\u00bbvc_col-md-3 vc_col-xs-6&#8243;][vc_column_text][\/vc_column_text][\/vc_column][\/vc_row][\/vc_section][vc_section full_width=\u00bbstretch_row\u00bb el_id=\u00bbrecorrido\u00bb el_class=\u00bbapo-section\u00bb css=\u00bb.vc_custom_1570372810382{background-color: #f7f7f7 !important;}\u00bb][vc_row css=\u00bb.vc_custom_1561030558418{margin-bottom: 60px !important;}\u00bb el_class=\u00bbapo-collaborators\u00bb][vc_column][vc_column_text]<\/p>\n<h2>Recorrido<\/h2>\n<p>[\/vc_column_text][\/vc_column][\/vc_row][vc_row css=\u00bb.vc_custom_1561030595739{margin-bottom: 140px !important;}\u00bb][vc_column][apo_timeline milestones=\u00bb2009: Nacemos como asociaci\u00f3n,2014: Recibimos el Premio Nacional de Juventud como \u00abIniciativa Emprenedora\u00ab y el Premio J\u00f3venes Emprendedores Sociales,2015: Constituci\u00f3n como cooperativa,2017: Aumento del n\u00famero de personas socias y mantenimiento de la amplia red de personas colaboradoras,2018: Consolidaci\u00f3n de los servicios dirigidos a clientes p\u00fablicos y apertura al sector privado\u00bb][\/vc_column][\/vc_row][vc_row css=\u00bb.vc_custom_1561030865213{margin-bottom: 50px !important;}\u00bb el_class=\u00bbapo-prizes\u00bb][vc_column][vc_column_text]<\/p>\n<h3>Premios<\/h3>\n<p>[\/vc_column_text][\/vc_column][vc_column width=\u00bb1\/3&#8243;][vc_column_text]<strong>2020<\/strong><\/p>\n<p>Acc\u00e9sit del Premio Catalu\u00f1a de Territorio Enric Lluch. Sociedad Catalana de Ordenaci\u00f3n del Territorio. Junto con el \u00c1rea Metropolitana de Barcelona Razones desarroll\u00f3 el proyecto \u00abImagina Bah\u00eda\u00bb, un proceso participativo para la elaboraci\u00f3n del Plan de Acci\u00f3n Local de Bad\u00eda del Vall\u00e9s.<\/p>\n<p>12\u00ba Premio Catalu\u00f1a de Urbanismo Manuel de Sol\u00e0 Morales. Sociedad Catalana de Ordenaci\u00f3n del Territorio. Plan de Usos de Ciutat Vella del Ayuntamiento de Barcelona. Redacci\u00f3n: 300.000 km \/ s. Proceso de participaci\u00f3n: Cooperativa Raons[\/vc_column_text][\/vc_column][vc_column width=\u00bb1\/3&#8243;][vc_column_text]<strong>2019<\/strong><br \/>\nPremio Bienal de Arquitectura y Urbanismo Espa\u00f1ol y Premio S + T + ARTS de la Comisi\u00f3n Europea del Plan de usos de Ciutat Vella en el que los Raons dise\u00f1\u00f3 y desarroll\u00f3 el proceso de participaci\u00f3n ciudadana.<\/p>\n<p>Premio Barcelona Innovaci\u00f3n Educativa en el \u00e1mbito distrito conjuntamente con la AFAa de la escuela Dovella por el proyecto \u00abTransformaci\u00f3n y cocreaci\u00f3n del patio de la Escuela Dovella\u00bb.<\/p>\n<p><strong>2016<\/strong><br \/>\nSeleccionadas con la AFA Escuela Dovella como buena pr\u00e1ctica de participaci\u00f3n comunitaria para el proyecto \u00abTransformaci\u00f3n y cocreaci\u00f3n del patio de la escuela Dovella\u00bb presentado durante las jornadas anuales PIADs de 2016 \u00abFeminismos: intervenci\u00f3n en la comunidad y el territorio\u00bb.<\/p>\n<p>[\/vc_column_text][\/vc_column][vc_column width=\u00bb1\/3&#8243;][vc_column_text]<strong>2014<\/strong><br \/>\nPremio Injuve en la categor\u00eda \u00abIniciativas emprendedoras en materia de trabajo\u00bb de los premios nacionales de juventud 2014.<\/p>\n<p>Premio J\u00f3venes Emprendedores Sociales. Universidad Europea de Madrid. Youth Action Net.<\/p>\n<p>XIII premio Barcelona Asociaciones para la mejor iniciativa de participaci\u00f3n ciudadana con el proyecto \u00abHacemos comunidad transformando el patio de la escuela la Paz\u00bb. Ayuntamiento de Barcelona<\/p>\n<p><strong>2012<\/strong><br \/>\nGanadores ex aequo, conjuntamente con la cooperativa Lacol, del concurso de las 16 Puertas de Collserola por la propuesta \u00abBajamos\u00bb. Ayuntamiento de Barcelona<\/p>\n<p><strong>2010<\/strong><br \/>\nPremio Rincones P\u00fablicos 2009-2010 para la propuesta \u00abV\u00edas Verdes\u00bb. FAD y el Ayuntamiento de Barcelona[\/vc_column_text][\/vc_column][\/vc_row][\/vc_section][vc_section el_id=\u00bbredes\u00bb el_class=\u00bbapo-section\u00bb][vc_row][vc_column][vc_column_text]<\/p>\n<h2>Redes<\/h2>\n<p>[\/vc_column_text][\/vc_column][vc_column offset=\u00bbvc_col-md-3&#8243;][vc_column_text]Formamos parte de redes de profesionales y mapas de iniciativas del mundo del cooperativismo y de la sostenibilidad. Valoramos el trabajo en red como una herramienta fundamental para compartir recursos y mejorar la calidad del trabajo que hacemos.[\/vc_column_text][\/vc_column][vc_column width=\u00bb1\/3&#8243; offset=\u00bbvc_col-md-offset-1 vc_col-md-2 vc_col-xs-4&#8243;][vc_single_image image=\u00bb20085&#8243; img_size=\u00bbfull\u00bb css=\u00bb.vc_custom_1561031520443{margin-bottom: 60px !important;}\u00bb][vc_single_image image=\u00bb20100&#8243; img_size=\u00bbfull\u00bb css=\u00bb.vc_custom_1561031515684{margin-bottom: 60px !important;}\u00bb][vc_single_image image=\u00bb20097&#8243; img_size=\u00bbfull\u00bb css=\u00bb.vc_custom_1561031530328{margin-bottom: 60px !important;}\u00bb][\/vc_column][vc_column width=\u00bb1\/3&#8243; offset=\u00bbvc_col-md-offset-1 vc_col-md-2 vc_col-xs-4&#8243;][vc_single_image image=\u00bb20106&#8243; img_size=\u00bbfull\u00bb css=\u00bb.vc_custom_1561031545325{margin-bottom: 60px !important;}\u00bb][vc_single_image image=\u00bb20103&#8243; img_size=\u00bbfull\u00bb css=\u00bb.vc_custom_1561031560631{margin-bottom: 60px !important;}\u00bb][vc_single_image image=\u00bb20091&#8243; img_size=\u00bbfull\u00bb css=\u00bb.vc_custom_1561031570413{margin-bottom: 60px !important;}\u00bb][\/vc_column][vc_column width=\u00bb1\/3&#8243; offset=\u00bbvc_col-md-offset-1 vc_col-md-2 vc_col-xs-4&#8243;][vc_single_image image=\u00bb20094&#8243; img_size=\u00bbfull\u00bb css=\u00bb.vc_custom_1561031580381{margin-bottom: 60px !important;}\u00bb][vc_single_image image=\u00bb20088&#8243; img_size=\u00bbfull\u00bb css=\u00bb.vc_custom_1561031591166{margin-bottom: 60px !important;}\u00bb][vc_single_image image=\u00bb20109&#8243; img_size=\u00bbfull\u00bb css=\u00bb.vc_custom_1561031609201{margin-bottom: 60px !important;}\u00bb][\/vc_column][\/vc_row][\/vc_section]<\/p>\n","protected":false},"excerpt":{"rendered":"<p>[vc_section full_width=\u00bbstretch_row\u00bb css=\u00bb.vc_custom_1560953921318{background-color: #ffca30 !important;}\u00bb el_id=\u00bbcooperativa\u00bb el_class=\u00bbapo-section apo-section&#8211;primary-color\u00bb][vc_row][vc_column][vc_column_text] Nosotros Cooperativa [\/vc_column_text][\/vc_column][\/vc_row][vc_row css=\u00bb.vc_custom_1560950819842{margin-bottom: 70px !important;}\u00bb][vc_column width=\u00bb1\/2&#8243;][vc_column_text] Raons es un proyecto de innovaci\u00f3n social urbana iniciado en 2009 [\/vc_column_text][\/vc_column][vc_column width=\u00bb1\/2&#8243;][vc_column_text]Desde el inicio, Raons ha buscado ser un proyecto de autoempleo, desde los valores de la econom\u00eda social y solidaria, que permita ofrecer servicios de calidad para pensar, [&hellip;]<\/p>\n","protected":false},"author":6,"featured_media":0,"parent":0,"menu_order":32,"comment_status":"closed","ping_status":"closed","template":"","meta":[],"acf":[],"_links":{"self":[{"href":"https:\/\/raons.coop\/es\/wp-json\/wp\/v2\/pages\/20411"}],"collection":[{"href":"https:\/\/raons.coop\/es\/wp-json\/wp\/v2\/pages"}],"about":[{"href":"https:\/\/raons.coop\/es\/wp-json\/wp\/v2\/types\/page"}],"author":[{"embeddable":true,"href":"https:\/\/raons.coop\/es\/wp-json\/wp\/v2\/users\/6"}],"replies":[{"embeddable":true,"href":"https:\/\/raons.coop\/es\/wp-json\/wp\/v2\/comments?post=20411"}],"version-history":[{"count":32,"href":"https:\/\/raons.coop\/es\/wp-json\/wp\/v2\/pages\/20411\/revisions"}],"predecessor-version":[{"id":27012,"href":"https:\/\/raons.coop\/es\/wp-json\/wp\/v2\/pages\/20411\/revisions\/27012"}],"wp:attachment":[{"href":"https:\/\/raons.coop\/es\/wp-json\/wp\/v2\/media?parent=20411"}],"curies":[{"name":"wp","href":"https:\/\/api.w.org\/{rel}","templated":true}]}}