{"id":19879,"date":"2019-06-18T11:05:54","date_gmt":"2019-06-18T11:05:54","guid":{"rendered":"https:\/\/raons.coop\/?page_id=19879"},"modified":"2021-11-11T11:19:21","modified_gmt":"2021-11-11T11:19:21","slug":"inicio","status":"publish","type":"page","link":"https:\/\/raons.coop\/es\/","title":{"rendered":"Inicio"},"content":{"rendered":"<p>[vc_section full_width=\u00bbstretch_row_content\u00bb full_height=\u00bbyes\u00bb content_placement=\u00bbmiddle\u00bb][vc_row][vc_column width=\u00bb1\/3&#8243;][apo_slider play=\u00bbauto\u00bb autoplay_speed=\u00bb1000&#8243; aspect_ratio=\u00bb500:500&#8243; autoplay=\u00bbtrue\u00bb default_image=\u00bb19845&#8243;][apo_slider_item image=\u00bb19845&#8243;][\/apo_slider_item][apo_slider_item image=\u00bb23455&#8243;][\/apo_slider_item][apo_slider_item image=\u00bb21177&#8243;][\/apo_slider_item][apo_slider_item image=\u00bb21171&#8243;][\/apo_slider_item][apo_slider_item image=\u00bb19694&#8243;][\/apo_slider_item][apo_slider_item image=\u00bb20958&#8243;][\/apo_slider_item][apo_slider_item image=\u00bb21237&#8243;][\/apo_slider_item][apo_slider_item image=\u00bb22752&#8243;][\/apo_slider_item][apo_slider_item image=\u00bb22713&#8243;][\/apo_slider_item][apo_slider_item image=\u00bb22755&#8243;][\/apo_slider_item][apo_slider_item image=\u00bb22776&#8243;][\/apo_slider_item][apo_slider_item image=\u00bb22704&#8243;][\/apo_slider_item][apo_slider_item image=\u00bb22722&#8243;][\/apo_slider_item][apo_slider_item image=\u00bb22737&#8243;][\/apo_slider_item][apo_slider_item image=\u00bb22773&#8243;][\/apo_slider_item][apo_slider_item image=\u00bb22809&#8243;][\/apo_slider_item][apo_slider_item image=\u00bb22837&#8243;][\/apo_slider_item][apo_slider_item image=\u00bb22788&#8243;][\/apo_slider_item][\/apo_slider][\/vc_column][vc_column width=\u00bb1\/3&#8243;][apo_slider play=\u00bbauto\u00bb autoplay_speed=\u00bb1000&#8243; aspect_ratio=\u00bb500:500&#8243; autoplay=\u00bbtrue\u00bb default_image=\u00bb20817&#8243;][apo_slider_item image=\u00bb20817&#8243;][\/apo_slider_item][apo_slider_item image=\u00bb23451&#8243;][\/apo_slider_item][apo_slider_item image=\u00bb21197&#8243;][\/apo_slider_item][apo_slider_item image=\u00bb20384&#8243;][\/apo_slider_item][apo_slider_item image=\u00bb17473&#8243;][\/apo_slider_item][apo_slider_item image=\u00bb21220&#8243;][\/apo_slider_item][apo_slider_item image=\u00bb21155&#8243;][\/apo_slider_item][apo_slider_item image=\u00bb22800&#8243;][\/apo_slider_item][apo_slider_item image=\u00bb22746&#8243;][\/apo_slider_item][apo_slider_item image=\u00bb22692&#8243;][\/apo_slider_item][apo_slider_item image=\u00bb22767&#8243;][\/apo_slider_item][apo_slider_item image=\u00bb22764&#8243;][\/apo_slider_item][apo_slider_item image=\u00bb22770&#8243;][\/apo_slider_item][apo_slider_item image=\u00bb22797&#8243;][\/apo_slider_item][apo_slider_item image=\u00bb22758&#8243;][\/apo_slider_item][apo_slider_item image=\u00bb22812&#8243;][\/apo_slider_item][apo_slider_item image=\u00bb22818&#8243;][\/apo_slider_item][apo_slider_item image=\u00bb22815&#8243;][\/apo_slider_item][\/apo_slider][\/vc_column][vc_column width=\u00bb1\/3&#8243;][apo_slider play=\u00bbauto\u00bb autoplay_speed=\u00bb1000&#8243; aspect_ratio=\u00bb500:500&#8243; autoplay=\u00bbtrue\u00bb default_image=\u00bb21242&#8243;][apo_slider_item image=\u00bb21242&#8243;][\/apo_slider_item][apo_slider_item image=\u00bb5507&#8243;][\/apo_slider_item][apo_slider_item image=\u00bb21183&#8243;][\/apo_slider_item][apo_slider_item image=\u00bb21186&#8243;][\/apo_slider_item][apo_slider_item image=\u00bb21097&#8243;][\/apo_slider_item][apo_slider_item image=\u00bb21192&#8243;][\/apo_slider_item][apo_slider_item image=\u00bb21233&#8243;][\/apo_slider_item][apo_slider_item image=\u00bb22749&#8243;][\/apo_slider_item][apo_slider_item image=\u00bb22731&#8243;][\/apo_slider_item][apo_slider_item image=\u00bb22698&#8243;][\/apo_slider_item][apo_slider_item image=\u00bb22725&#8243;][\/apo_slider_item][apo_slider_item image=\u00bb22707&#8243;][\/apo_slider_item][apo_slider_item image=\u00bb22782&#8243;][\/apo_slider_item][apo_slider_item image=\u00bb22779&#8243;][\/apo_slider_item][apo_slider_item image=\u00bb22831&#8243;][\/apo_slider_item][apo_slider_item image=\u00bb22834&#8243;][\/apo_slider_item][apo_slider_item image=\u00bb22828&#8243;][\/apo_slider_item][\/apo_slider][\/vc_column][\/vc_row][vc_row][vc_column][vc_empty_space][\/vc_column][\/vc_row][vc_row equal_height=\u00bbyes\u00bb content_placement=\u00bbmiddle\u00bb][vc_column width=\u00bb1\/3&#8243;][vc_single_image image=\u00bb24111&#8243; img_size=\u00bb\u00bb alignment=\u00bbcenter\u00bb][\/vc_column][vc_column width=\u00bb1\/3&#8243;][vc_single_image image=\u00bb24100&#8243; img_size=\u00bb\u00bb alignment=\u00bbcenter\u00bb][\/vc_column][vc_column width=\u00bb1\/3&#8243;][vc_single_image image=\u00bb24103&#8243; img_size=\u00bb\u00bb alignment=\u00bbcenter\u00bb][\/vc_column][\/vc_row][vc_row equal_height=\u00bbyes\u00bb content_placement=\u00bbmiddle\u00bb][vc_column width=\u00bb1\/3&#8243;][apo_word_slider title=\u00bbPersonas\u00bb words=\u00bbinfancia y j\u00f3venes,adultas,mayores,locales,visitantes,de or\u00edgenes diversos,solidarias,ciudadanas,implicadas\u00bb speed=\u00bb3000&#8243;][\/vc_column][vc_column width=\u00bb1\/3&#8243;][apo_word_slider title=\u00bbEspacios\u00bb words=\u00bbprivados,comunitarios,p\u00fablicos,de equipamientos,de trabajo,urbanos,supramunicipales,en desuso,de vida,industriales,de juego\u00bb delay=\u00bb1000&#8243; speed=\u00bb3000&#8243;][\/vc_column][vc_column width=\u00bb1\/3&#8243;][apo_word_slider title=\u00bbProcesos\u00bb words=\u00bbparticipativos,colaborativos,de acompa\u00f1amiento,de co-dise\u00f1o,de co-creaci\u00f3n,de consultor\u00eda,comunitarios,formativos,de comunicaci\u00f3n\u00bb delay=\u00bb2000&#8243; speed=\u00bb3000&#8243;][\/vc_column][\/vc_row][\/vc_section][vc_row][vc_column][vc_empty_space height=\u00bb16px\u00bb][\/vc_column][\/vc_row][vc_section full_width=\u00bbstretch_row_content\u00bb content_placement=\u00bbmiddle\u00bb el_id=\u00bbmetodologia\u00bb el_class=\u00bbapo-section\u00bb][vc_row css=\u00bb.vc_custom_1626365357660{background-color: #fec943 !important;}\u00bb][vc_column width=\u00bb1\/6&#8243;][\/vc_column][vc_column width=\u00bb2\/3&#8243;][vc_empty_space height=\u00bb50px\u00bb][vc_column_text]<\/p>\n<h2 style=\"text-align: center;\"><strong>Raons <span class=\"VIiyi\" lang=\"es\"><span class=\"JLqJ4b ChMk0b\" data-language-for-alternatives=\"es\" data-language-to-translate-into=\"ca\" data-phrase-index=\"1\">somos una<\/span> <span class=\"JLqJ4b ChMk0b\" data-language-for-alternatives=\"es\" data-language-to-translate-into=\"ca\" data-phrase-index=\"2\">cooperativa<\/span> <span class=\"JLqJ4b ChMk0b\" data-language-for-alternatives=\"es\" data-language-to-translate-into=\"ca\" data-phrase-index=\"3\">sin \u00e1nimo de<\/span> <span class=\"JLqJ4b ChMk0b\" data-language-for-alternatives=\"es\" data-language-to-translate-into=\"ca\" data-phrase-index=\"4\">lucro<\/span> <span class=\"JLqJ4b ChMk0b\" data-language-for-alternatives=\"es\" data-language-to-translate-into=\"ca\" data-phrase-index=\"5\">que desde 2009<\/span> <span class=\"JLqJ4b ChMk0b\" data-language-for-alternatives=\"es\" data-language-to-translate-into=\"ca\" data-phrase-index=\"6\">implicamos<\/span> <span class=\"JLqJ4b ChMk0b\" data-language-for-alternatives=\"es\" data-language-to-translate-into=\"ca\" data-phrase-index=\"7\">a<\/span> <span class=\"JLqJ4b ChMk0b\" data-language-for-alternatives=\"es\" data-language-to-translate-into=\"ca\" data-phrase-index=\"8\">personas<\/span> <span class=\"JLqJ4b ChMk0b\" data-language-for-alternatives=\"es\" data-language-to-translate-into=\"ca\" data-phrase-index=\"9\">en procesos<\/span> <span class=\"JLqJ4b ChMk0b\" data-language-for-alternatives=\"es\" data-language-to-translate-into=\"ca\" data-phrase-index=\"10\">de innovaci\u00f3n<\/span> <span class=\"JLqJ4b ChMk0b\" data-language-for-alternatives=\"es\" data-language-to-translate-into=\"ca\" data-phrase-index=\"11\">social<\/span> <span class=\"JLqJ4b ChMk0b\" data-language-for-alternatives=\"es\" data-language-to-translate-into=\"ca\" data-phrase-index=\"12\">urbana<\/span> <span class=\"JLqJ4b ChMk0b\" data-language-for-alternatives=\"es\" data-language-to-translate-into=\"ca\" data-phrase-index=\"13\">para<\/span> <span class=\"JLqJ4b ChMk0b\" data-language-for-alternatives=\"es\" data-language-to-translate-into=\"ca\" data-phrase-index=\"14\">pensar<\/span><span class=\"JLqJ4b ChMk0b\" data-language-for-alternatives=\"es\" data-language-to-translate-into=\"ca\" data-phrase-index=\"15\">, construir<\/span> <span class=\"JLqJ4b ChMk0b\" data-language-for-alternatives=\"es\" data-language-to-translate-into=\"ca\" data-phrase-index=\"16\">y\/<\/span><span class=\"JLqJ4b ChMk0b\" data-language-for-alternatives=\"es\" data-language-to-translate-into=\"ca\" data-phrase-index=\"17\">o transformar<\/span> <span class=\"JLqJ4b ChMk0b\" data-language-for-alternatives=\"es\" data-language-to-translate-into=\"ca\" data-phrase-index=\"18\">colectivamente<\/span> <span class=\"JLqJ4b ChMk0b\" data-language-for-alternatives=\"es\" data-language-to-translate-into=\"ca\" data-phrase-index=\"19\">los entornos<\/span> <span class=\"JLqJ4b ChMk0b\" data-language-for-alternatives=\"es\" data-language-to-translate-into=\"ca\" data-phrase-index=\"20\">en los que<\/span> <span class=\"JLqJ4b ChMk0b\" data-language-for-alternatives=\"es\" data-language-to-translate-into=\"ca\" data-phrase-index=\"21\">vivimos,<\/span> <span class=\"JLqJ4b ChMk0b\" data-language-for-alternatives=\"es\" data-language-to-translate-into=\"ca\" data-phrase-index=\"22\">trabajamos<\/span> <span class=\"JLqJ4b ChMk0b\" data-language-for-alternatives=\"es\" data-language-to-translate-into=\"ca\" data-phrase-index=\"23\">y disfrutamos<\/span><\/span><br \/>\n<\/strong><\/h2>\n<p>[\/vc_column_text][vc_empty_space height=\u00bb50px\u00bb][\/vc_column][vc_column width=\u00bb1\/6&#8243;][\/vc_column][\/vc_row][vc_row][vc_column][vc_empty_space][\/vc_column][\/vc_row][vc_row css=\u00bb.vc_custom_1626365535464{background-color: #ffffff !important;}\u00bb][vc_column width=\u00bb1\/6&#8243;][\/vc_column][vc_column width=\u00bb2\/3&#8243;][vc_column_text css=\u00bb.vc_custom_1626429319978{background-color: #ffffff !important;}\u00bb]<\/p>\n<h2 style=\"text-align: center;\"><span class=\"VIiyi\" lang=\"es\"><span class=\"JLqJ4b ChMk0b\" data-language-for-alternatives=\"es\" data-language-to-translate-into=\"ca\" data-phrase-index=\"0\">Trabajar<\/span> <span class=\"JLqJ4b ChMk0b\" data-language-for-alternatives=\"es\" data-language-to-translate-into=\"ca\" data-phrase-index=\"1\">con nosotros es<\/span> <span class=\"JLqJ4b ChMk0b\" data-language-for-alternatives=\"es\" data-language-to-translate-into=\"ca\" data-phrase-index=\"2\">apostar<\/span> <span class=\"JLqJ4b ChMk0b\" data-language-for-alternatives=\"es\" data-language-to-translate-into=\"ca\" data-phrase-index=\"3\">por una<\/span> <span class=\"JLqJ4b ChMk0b\" data-language-for-alternatives=\"es\" data-language-to-translate-into=\"ca\" data-phrase-index=\"4\">forma de hacer<\/span> <span class=\"JLqJ4b ChMk0b\" data-language-for-alternatives=\"es\" data-language-to-translate-into=\"ca\" data-phrase-index=\"5\">que busca<\/span> <span class=\"JLqJ4b ChMk0b\" data-language-for-alternatives=\"es\" data-language-to-translate-into=\"ca\" data-phrase-index=\"6\">potenciar la innovaci\u00f3n<\/span> <span class=\"JLqJ4b ChMk0b\" data-language-for-alternatives=\"es\" data-language-to-translate-into=\"ca\" data-phrase-index=\"7\">aplicada<\/span><span class=\"JLqJ4b ChMk0b\" data-language-for-alternatives=\"es\" data-language-to-translate-into=\"ca\" data-phrase-index=\"8\">, los valores<\/span> <span class=\"JLqJ4b ChMk0b\" data-language-for-alternatives=\"es\" data-language-to-translate-into=\"ca\" data-phrase-index=\"9\">cooperativos<\/span><span class=\"JLqJ4b ChMk0b\" data-language-for-alternatives=\"es\" data-language-to-translate-into=\"ca\" data-phrase-index=\"10\">, el desarrollo<\/span> <span class=\"JLqJ4b ChMk0b\" data-language-for-alternatives=\"es\" data-language-to-translate-into=\"ca\" data-phrase-index=\"11\">de las personas<\/span> <span class=\"JLqJ4b ChMk0b\" data-language-for-alternatives=\"es\" data-language-to-translate-into=\"ca\" data-phrase-index=\"12\">y los resultados<\/span> <span class=\"JLqJ4b ChMk0b\" data-language-for-alternatives=\"es\" data-language-to-translate-into=\"ca\" data-phrase-index=\"13\">transformadores<\/span><span class=\"JLqJ4b ChMk0b\" data-language-for-alternatives=\"es\" data-language-to-translate-into=\"ca\" data-phrase-index=\"14\">.<\/span><\/span><\/h2>\n<p>[\/vc_column_text][\/vc_column][vc_column width=\u00bb1\/6&#8243;][\/vc_column][\/vc_row][vc_row full_width=\u00bbstretch_row_content\u00bb gap=\u00bb35&#8243; content_placement=\u00bbtop\u00bb][vc_column width=\u00bb1\/6&#8243;][\/vc_column][vc_column width=\u00bb1\/6&#8243;][vc_single_image image=\u00bb22675&#8243; img_size=\u00bb165&#215;165&#8243; alignment=\u00bbcenter\u00bb css=\u00bb.vc_custom_1626368758947{margin-bottom: 22px !important;}\u00bb][\/vc_column][vc_column width=\u00bb1\/6&#8243;][vc_single_image image=\u00bb22678&#8243; img_size=\u00bb165&#215;165&#8243; alignment=\u00bbcenter\u00bb css=\u00bb.vc_custom_1626368765673{margin-bottom: 22px !important;}\u00bb][\/vc_column][vc_column width=\u00bb1\/6&#8243;][vc_single_image image=\u00bb22448&#8243; img_size=\u00bb165&#215;165&#8243; alignment=\u00bbcenter\u00bb css=\u00bb.vc_custom_1626368773748{margin-bottom: 22px !important;}\u00bb][\/vc_column][vc_column width=\u00bb1\/6&#8243;][vc_single_image image=\u00bb22451&#8243; img_size=\u00bb165&#215;165&#8243; alignment=\u00bbcenter\u00bb css=\u00bb.vc_custom_1626368779448{margin-bottom: 22px !important;}\u00bb][\/vc_column][vc_column width=\u00bb1\/6&#8243;][\/vc_column][\/vc_row][vc_row full_width=\u00bbstretch_row_content\u00bb gap=\u00bb35&#8243; content_placement=\u00bbtop\u00bb][vc_column width=\u00bb1\/6&#8243;][\/vc_column][vc_column width=\u00bb1\/6&#8243;][vc_column_text]<\/p>\n<h4 style=\"text-align: center;\">Foco social y valores cooperativos<\/h4>\n<p>[\/vc_column_text][\/vc_column][vc_column width=\u00bb1\/6&#8243;][vc_column_text]<\/p>\n<h4 style=\"text-align: center;\">Vinculaci\u00f3n entre conocimientos t\u00e9cnicos y experiencias vitales<\/h4>\n<p>[\/vc_column_text][\/vc_column][vc_column width=\u00bb1\/6&#8243;][vc_column_text]<\/p>\n<h4 style=\"text-align: center;\">Innovaci\u00f3n social y tecnol\u00f3gica<\/h4>\n<p>[\/vc_column_text][\/vc_column][vc_column width=\u00bb1\/6&#8243;][vc_column_text]<\/p>\n<h4 style=\"text-align: center;\">Inteligencia colaborativa<\/h4>\n<p>[\/vc_column_text][\/vc_column][vc_column width=\u00bb1\/6&#8243;][\/vc_column][\/vc_row][vc_row][vc_column][vc_empty_space height=\u00bb150px\u00bb][\/vc_column][\/vc_row][vc_row full_width=\u00bbstretch_row_content\u00bb gap=\u00bb35&#8243; equal_height=\u00bbyes\u00bb content_placement=\u00bbtop\u00bb css=\u00bb.vc_custom_1626370221816{background-color: #fec943 !important;}\u00bb][vc_column width=\u00bb1\/5&#8243;][\/vc_column][vc_column width=\u00bb1\/5&#8243;][vc_single_image image=\u00bb24114&#8243; img_size=\u00bb\u00bb alignment=\u00bbcenter\u00bb css=\u00bb.vc_custom_1626368951074{margin-bottom: 22px !important;}\u00bb][vc_column_text]<\/p>\n<p style=\"text-align: center;\">Hemos desarrollado m\u00e1s de <strong>170 proyectos<\/strong><\/p>\n<p>[\/vc_column_text][\/vc_column][vc_column width=\u00bb1\/5&#8243;][vc_single_image image=\u00bb24117&#8243; img_size=\u00bb\u00bb alignment=\u00bbcenter\u00bb css=\u00bb.vc_custom_1626366870185{margin-bottom: 22px !important;}\u00bb][vc_column_text]<\/p>\n<p style=\"text-align: center;\">Hemos trabajado con m\u00e1s de <strong>40 instituciones y organizaciones<\/strong><\/p>\n<p>[\/vc_column_text][\/vc_column][vc_column width=\u00bb1\/5&#8243;][vc_single_image image=\u00bb24120&#8243; img_size=\u00bb\u00bb alignment=\u00bbcenter\u00bb css=\u00bb.vc_custom_1626366874729{margin-bottom: 22px !important;}\u00bb][vc_column_text]<\/p>\n<p style=\"text-align: center;\">Formamos parte de la red <strong>cooperativa, asociativa y de la Econom\u00eda Social y Solidaria<\/strong> de nuestro entorno<\/p>\n<p>[\/vc_column_text][\/vc_column][vc_column width=\u00bb1\/5&#8243;][\/vc_column][\/vc_row][vc_row][vc_column][vc_empty_space height=\u00bb50px\u00bb][\/vc_column][\/vc_row][vc_row][vc_column width=\u00bb1\/6&#8243;][\/vc_column][vc_column width=\u00bb2\/3&#8243;][vc_column_text css=\u00bb.vc_custom_1626429515774{background-color: #ffffff !important;}\u00bb]<\/p>\n<h2 style=\"text-align: center;\">Nuestra metodolog\u00eda se estructura en seis ejes vertebradores, que aportan una mirada integral a la vez que garantizan los resultados espec\u00edficos de cada proyecto.<\/h2>\n<p>[\/vc_column_text][\/vc_column][vc_column width=\u00bb1\/6&#8243;][\/vc_column][\/vc_row][vc_row full_width=\u00bbstretch_row_content\u00bb gap=\u00bb35&#8243; content_placement=\u00bbtop\u00bb][vc_column width=\u00bb1\/5&#8243;][\/vc_column][vc_column width=\u00bb1\/5&#8243;][vc_single_image image=\u00bb22657&#8243; img_size=\u00bb165&#215;165&#8243; alignment=\u00bbcenter\u00bb css=\u00bb.vc_custom_1626368833943{margin-bottom: 22px !important;}\u00bb][\/vc_column][vc_column width=\u00bb1\/5&#8243;][vc_single_image image=\u00bb22660&#8243; img_size=\u00bb165&#215;165&#8243; alignment=\u00bbcenter\u00bb css=\u00bb.vc_custom_1626368839946{margin-bottom: 22px !important;}\u00bb][\/vc_column][vc_column width=\u00bb1\/5&#8243;][vc_single_image image=\u00bb22663&#8243; img_size=\u00bb165&#215;165&#8243; alignment=\u00bbcenter\u00bb css=\u00bb.vc_custom_1626368845757{margin-bottom: 22px !important;}\u00bb][\/vc_column][vc_column width=\u00bb1\/5&#8243;][\/vc_column][\/vc_row][vc_row full_width=\u00bbstretch_row_content\u00bb gap=\u00bb35&#8243; content_placement=\u00bbtop\u00bb][vc_column width=\u00bb1\/5&#8243;][\/vc_column][vc_column width=\u00bb1\/5&#8243;][vc_column_text]<\/p>\n<h4 style=\"text-align: center;\">Activaci\u00f3n de agentes y dinamizaci\u00f3n<\/h4>\n<p>[\/vc_column_text][\/vc_column][vc_column width=\u00bb1\/5&#8243;][vc_column_text]<\/p>\n<h4 style=\"text-align: center;\">Trabajo colaborativo y de co-creaci\u00f3n<\/h4>\n<p>[\/vc_column_text][\/vc_column][vc_column width=\u00bb1\/5&#8243;][vc_column_text]<\/p>\n<h4 style=\"text-align: center;\">Coordinaci\u00f3n y acompa\u00f1amiento<\/h4>\n<p>[\/vc_column_text][\/vc_column][vc_column width=\u00bb1\/5&#8243;][\/vc_column][\/vc_row][vc_row full_width=\u00bbstretch_row_content\u00bb gap=\u00bb35&#8243; content_placement=\u00bbtop\u00bb][vc_column width=\u00bb1\/5&#8243;][\/vc_column][vc_column width=\u00bb1\/5&#8243;][vc_single_image image=\u00bb22666&#8243; img_size=\u00bb165&#215;165&#8243; alignment=\u00bbcenter\u00bb css=\u00bb.vc_custom_1626368851239{margin-bottom: 22px !important;}\u00bb][\/vc_column][vc_column width=\u00bb1\/5&#8243;][vc_single_image image=\u00bb22669&#8243; img_size=\u00bb165&#215;165&#8243; alignment=\u00bbcenter\u00bb css=\u00bb.vc_custom_1626368856278{margin-bottom: 22px !important;}\u00bb][\/vc_column][vc_column width=\u00bb1\/5&#8243;][vc_single_image image=\u00bb22672&#8243; img_size=\u00bb165&#215;165&#8243; alignment=\u00bbcenter\u00bb css=\u00bb.vc_custom_1626368861895{margin-bottom: 22px !important;}\u00bb][\/vc_column][vc_column width=\u00bb1\/5&#8243;][\/vc_column][\/vc_row][vc_row full_width=\u00bbstretch_row_content\u00bb gap=\u00bb35&#8243; content_placement=\u00bbtop\u00bb][vc_column width=\u00bb1\/5&#8243;][\/vc_column][vc_column width=\u00bb1\/5&#8243;][vc_column_text]<\/p>\n<h4 style=\"text-align: center;\">Estrategia de comunicaci\u00f3n<\/h4>\n<p>[\/vc_column_text][\/vc_column][vc_column width=\u00bb1\/5&#8243;][vc_column_text]<\/p>\n<h4 style=\"text-align: center;\">An\u00e1lisis y visualizaci\u00f3n de datos<\/h4>\n<p>[\/vc_column_text][\/vc_column][vc_column width=\u00bb1\/5&#8243;][vc_column_text]<\/p>\n<h4 style=\"text-align: center;\">Evaluaci\u00f3n continua<\/h4>\n<p>[\/vc_column_text][\/vc_column][vc_column width=\u00bb1\/5&#8243;][\/vc_column][\/vc_row][vc_row][vc_column][vc_empty_space height=\u00bb150px\u00bb][\/vc_column][\/vc_row][vc_row][vc_column width=\u00bb1\/4&#8243;][\/vc_column][vc_column width=\u00bb1\/2&#8243;][vc_column_text css=\u00bb.vc_custom_1626429463449{background-color: #ffffff !important;}\u00bb]<\/p>\n<h2 style=\"text-align: center;\"><strong>Hemos trabajado con<br \/>\n<\/strong><\/h2>\n<p>[\/vc_column_text][\/vc_column][vc_column width=\u00bb1\/4&#8243;][\/vc_column][\/vc_row][vc_row][vc_column width=\u00bb1\/6&#8243;][\/vc_column][vc_column width=\u00bb2\/3&#8243;][apo_clients][\/vc_column][vc_column width=\u00bb1\/6&#8243;][\/vc_column][\/vc_row][\/vc_section][vc_row][vc_column][apo_popup can_close=\u00bbtrue\u00bb title=\u00bb\u00bfQuieres recibir nuestro bolet\u00edn?\u00bb link=\u00bburl:https%3A%2F%2Fraons.coop%2Fbutlleti-electronic%2F|title:Subscr%C3%ADbete||\u00bb width=\u00bb300px\u00bb right_offset=\u00bb10%\u00bb bottom_offset=\u00bb5%\u00bb extra_class=\u00bbapo-subscription-popup\u00bb][\/apo_popup][\/vc_column][\/vc_row]<\/p>\n","protected":false},"excerpt":{"rendered":"<p>[vc_section full_width=\u00bbstretch_row_content\u00bb full_height=\u00bbyes\u00bb content_placement=\u00bbmiddle\u00bb][vc_row][vc_column width=\u00bb1\/3&#8243;][apo_slider play=\u00bbauto\u00bb autoplay_speed=\u00bb1000&#8243; aspect_ratio=\u00bb500:500&#8243; autoplay=\u00bbtrue\u00bb default_image=\u00bb19845&#8243;][apo_slider_item image=\u00bb19845&#8243;][\/apo_slider_item][apo_slider_item image=\u00bb23455&#8243;][\/apo_slider_item][apo_slider_item image=\u00bb21177&#8243;][\/apo_slider_item][apo_slider_item image=\u00bb21171&#8243;][\/apo_slider_item][apo_slider_item image=\u00bb19694&#8243;][\/apo_slider_item][apo_slider_item image=\u00bb20958&#8243;][\/apo_slider_item][apo_slider_item image=\u00bb21237&#8243;][\/apo_slider_item][apo_slider_item image=\u00bb22752&#8243;][\/apo_slider_item][apo_slider_item image=\u00bb22713&#8243;][\/apo_slider_item][apo_slider_item image=\u00bb22755&#8243;][\/apo_slider_item][apo_slider_item image=\u00bb22776&#8243;][\/apo_slider_item][apo_slider_item image=\u00bb22704&#8243;][\/apo_slider_item][apo_slider_item image=\u00bb22722&#8243;][\/apo_slider_item][apo_slider_item image=\u00bb22737&#8243;][\/apo_slider_item][apo_slider_item image=\u00bb22773&#8243;][\/apo_slider_item][apo_slider_item image=\u00bb22809&#8243;][\/apo_slider_item][apo_slider_item image=\u00bb22837&#8243;][\/apo_slider_item][apo_slider_item image=\u00bb22788&#8243;][\/apo_slider_item][\/apo_slider][\/vc_column][vc_column width=\u00bb1\/3&#8243;][apo_slider play=\u00bbauto\u00bb autoplay_speed=\u00bb1000&#8243; aspect_ratio=\u00bb500:500&#8243; autoplay=\u00bbtrue\u00bb default_image=\u00bb20817&#8243;][apo_slider_item image=\u00bb20817&#8243;][\/apo_slider_item][apo_slider_item image=\u00bb23451&#8243;][\/apo_slider_item][apo_slider_item image=\u00bb21197&#8243;][\/apo_slider_item][apo_slider_item image=\u00bb20384&#8243;][\/apo_slider_item][apo_slider_item image=\u00bb17473&#8243;][\/apo_slider_item][apo_slider_item image=\u00bb21220&#8243;][\/apo_slider_item][apo_slider_item image=\u00bb21155&#8243;][\/apo_slider_item][apo_slider_item image=\u00bb22800&#8243;][\/apo_slider_item][apo_slider_item image=\u00bb22746&#8243;][\/apo_slider_item][apo_slider_item image=\u00bb22692&#8243;][\/apo_slider_item][apo_slider_item image=\u00bb22767&#8243;][\/apo_slider_item][apo_slider_item image=\u00bb22764&#8243;][\/apo_slider_item][apo_slider_item image=\u00bb22770&#8243;][\/apo_slider_item][apo_slider_item image=\u00bb22797&#8243;][\/apo_slider_item][apo_slider_item image=\u00bb22758&#8243;][\/apo_slider_item][apo_slider_item image=\u00bb22812&#8243;][\/apo_slider_item][apo_slider_item image=\u00bb22818&#8243;][\/apo_slider_item][apo_slider_item image=\u00bb22815&#8243;][\/apo_slider_item][\/apo_slider][\/vc_column][vc_column width=\u00bb1\/3&#8243;][apo_slider play=\u00bbauto\u00bb autoplay_speed=\u00bb1000&#8243; [&hellip;]<\/p>\n","protected":false},"author":6,"featured_media":0,"parent":0,"menu_order":13,"comment_status":"closed","ping_status":"closed","template":"","meta":[],"acf":[],"_links":{"self":[{"href":"https:\/\/raons.coop\/es\/wp-json\/wp\/v2\/pages\/19879"}],"collection":[{"href":"https:\/\/raons.coop\/es\/wp-json\/wp\/v2\/pages"}],"about":[{"href":"https:\/\/raons.coop\/es\/wp-json\/wp\/v2\/types\/page"}],"author":[{"embeddable":true,"href":"https:\/\/raons.coop\/es\/wp-json\/wp\/v2\/users\/6"}],"replies":[{"embeddable":true,"href":"https:\/\/raons.coop\/es\/wp-json\/wp\/v2\/comments?post=19879"}],"version-history":[{"count":8,"href":"https:\/\/raons.coop\/es\/wp-json\/wp\/v2\/pages\/19879\/revisions"}],"predecessor-version":[{"id":24812,"href":"https:\/\/raons.coop\/es\/wp-json\/wp\/v2\/pages\/19879\/revisions\/24812"}],"wp:attachment":[{"href":"https:\/\/raons.coop\/es\/wp-json\/wp\/v2\/media?parent=19879"}],"curies":[{"name":"wp","href":"https:\/\/api.w.org\/{rel}","templated":true}]}}